{"id":4506,"date":"2024-11-27T15:22:59","date_gmt":"2024-11-27T14:22:59","guid":{"rendered":"https:\/\/sap-technology.pl\/nachrichten\/"},"modified":"2025-05-14T15:51:38","modified_gmt":"2025-05-14T14:51:38","slug":"nachrichten","status":"publish","type":"page","link":"https:\/\/sap-technology.pl\/de\/nachrichten\/","title":{"rendered":"Nachrichten"},"content":{"rendered":"\t\t<div data-elementor-type=\"wp-page\" data-elementor-id=\"4506\" class=\"elementor elementor-4506 elementor-4483\">\n\t\t\t\t<div class=\"elementor-element elementor-element-f493d25 e-flex e-con-boxed e-con e-parent\" data-id=\"f493d25\" data-element_type=\"container\">\n\t\t\t\t\t<div class=\"e-con-inner\">\n\t\t\t\t<div class=\"elementor-element elementor-element-f3f80a1 elementor-widget elementor-widget-spacer\" data-id=\"f3f80a1\" data-element_type=\"widget\" data-widget_type=\"spacer.default\">\n\t\t\t\t<div class=\"elementor-widget-container\">\n\t\t\t<style>\/*! elementor - v3.22.0 - 26-06-2024 *\/\n.elementor-column .elementor-spacer-inner{height:var(--spacer-size)}.e-con{--container-widget-width:100%}.e-con-inner>.elementor-widget-spacer,.e-con>.elementor-widget-spacer{width:var(--container-widget-width,var(--spacer-size));--align-self:var(--container-widget-align-self,initial);--flex-shrink:0}.e-con-inner>.elementor-widget-spacer>.elementor-widget-container,.e-con>.elementor-widget-spacer>.elementor-widget-container{height:100%;width:100%}.e-con-inner>.elementor-widget-spacer>.elementor-widget-container>.elementor-spacer,.e-con>.elementor-widget-spacer>.elementor-widget-container>.elementor-spacer{height:100%}.e-con-inner>.elementor-widget-spacer>.elementor-widget-container>.elementor-spacer>.elementor-spacer-inner,.e-con>.elementor-widget-spacer>.elementor-widget-container>.elementor-spacer>.elementor-spacer-inner{height:var(--container-widget-height,var(--spacer-size))}.e-con-inner>.elementor-widget-spacer.elementor-widget-empty,.e-con>.elementor-widget-spacer.elementor-widget-empty{position:relative;min-height:22px;min-width:22px}.e-con-inner>.elementor-widget-spacer.elementor-widget-empty .elementor-widget-empty-icon,.e-con>.elementor-widget-spacer.elementor-widget-empty .elementor-widget-empty-icon{position:absolute;top:0;bottom:0;left:0;right:0;margin:auto;padding:0;width:22px;height:22px}<\/style>\t\t<div class=\"elementor-spacer\">\n\t\t\t<div class=\"elementor-spacer-inner\"><\/div>\n\t\t<\/div>\n\t\t\t\t<\/div>\n\t\t\t\t<\/div>\n\t\t\t\t\t<\/div>\n\t\t\t\t<\/div>\n\t\t<div class=\"elementor-element elementor-element-f3f31f3 e-flex e-con-boxed e-con e-parent\" data-id=\"f3f31f3\" data-element_type=\"container\">\n\t\t\t\t\t<div class=\"e-con-inner\">\n\t\t\t\t<div class=\"elementor-element elementor-element-01e50fa elementor-grid-2 elementor-grid-tablet-2 elementor-grid-mobile-1 elementor-posts--thumbnail-top elementor-card-shadow-yes elementor-posts__hover-gradient elementor-widget elementor-widget-posts\" data-id=\"01e50fa\" data-element_type=\"widget\" data-settings=\"{&quot;cards_columns&quot;:&quot;2&quot;,&quot;cards_masonry&quot;:&quot;yes&quot;,&quot;pagination_type&quot;:&quot;numbers_and_prev_next&quot;,&quot;cards_columns_tablet&quot;:&quot;2&quot;,&quot;cards_columns_mobile&quot;:&quot;1&quot;,&quot;cards_row_gap&quot;:{&quot;unit&quot;:&quot;px&quot;,&quot;size&quot;:35,&quot;sizes&quot;:[]},&quot;cards_row_gap_tablet&quot;:{&quot;unit&quot;:&quot;px&quot;,&quot;size&quot;:&quot;&quot;,&quot;sizes&quot;:[]},&quot;cards_row_gap_mobile&quot;:{&quot;unit&quot;:&quot;px&quot;,&quot;size&quot;:&quot;&quot;,&quot;sizes&quot;:[]}}\" data-widget_type=\"posts.cards\">\n\t\t\t\t<div class=\"elementor-widget-container\">\n\t\t\t<link rel=\"stylesheet\" href=\"https:\/\/sap-technology.pl\/wp-content\/plugins\/elementor-pro\/assets\/css\/widget-posts.min.css\">\t\t<div class=\"elementor-posts-container elementor-posts elementor-posts--skin-cards elementor-grid\">\n\t\t\t\t<article class=\"elementor-post elementor-grid-item post-4761 news type-news status-publish has-post-thumbnail hentry\">\n\t\t\t<div class=\"elementor-post__card\">\n\t\t\t\t<a class=\"elementor-post__thumbnail__link\" href=\"https:\/\/sap-technology.pl\/de\/news\/4755\/\" ><div class=\"elementor-post__thumbnail\"><img fetchpriority=\"high\" decoding=\"async\" width=\"768\" height=\"436\" src=\"https:\/\/sap-technology.pl\/wp-content\/uploads\/2025\/08\/image-1-768x436.png\" class=\"attachment-medium_large size-medium_large wp-image-4758\" alt=\"\" srcset=\"https:\/\/sap-technology.pl\/wp-content\/uploads\/2025\/08\/image-1-768x436.png 768w, https:\/\/sap-technology.pl\/wp-content\/uploads\/2025\/08\/image-1-300x170.png 300w, https:\/\/sap-technology.pl\/wp-content\/uploads\/2025\/08\/image-1-1024x581.png 1024w, https:\/\/sap-technology.pl\/wp-content\/uploads\/2025\/08\/image-1.png 1184w\" sizes=\"(max-width: 768px) 100vw, 768px\" \/><\/div><\/a>\n\t\t\t\t<div class=\"elementor-post__text\">\n\t\t\t\t<h3 class=\"elementor-post__title\">\n\t\t\t<a href=\"https:\/\/sap-technology.pl\/de\/news\/4755\/\" >\n\t\t\t\tBritische Experten schlagen einen Versicherungsfonds f\u00fcr Opfer von Hackerangriffen auf autonome Fahrzeuge vor\t\t\t<\/a>\n\t\t<\/h3>\n\t\t\t\t<div class=\"elementor-post__excerpt\">\n\t\t\t<p>Studien zeigen, dass die britische Regierung Ma\u00dfnahmen ergreifen muss, damit autonome Fahrzeuge gegen Hackerangriffe versichert werden k\u00f6nnen, die schwerwiegende Folgen haben k\u00f6nnten. Die Software f\u00fcr<\/p>\n\t\t<\/div>\n\t\t\t\t<\/div>\n\t\t\t\t<div class=\"elementor-post__meta-data\">\n\t\t\t\t\t<span class=\"elementor-post-date\">\n\t\t\tAugust 22, 2025\t\t<\/span>\n\t\t\t\t<\/div>\n\t\t\t\t\t<\/div>\n\t\t<\/article>\n\t\t\t\t<article class=\"elementor-post elementor-grid-item post-4751 news type-news status-publish has-post-thumbnail hentry\">\n\t\t\t<div class=\"elementor-post__card\">\n\t\t\t\t<a class=\"elementor-post__thumbnail__link\" href=\"https:\/\/sap-technology.pl\/de\/news\/4745\/\" ><div class=\"elementor-post__thumbnail\"><img decoding=\"async\" width=\"768\" height=\"436\" src=\"https:\/\/sap-technology.pl\/wp-content\/uploads\/2025\/08\/image-768x436.png\" class=\"attachment-medium_large size-medium_large wp-image-4748\" alt=\"\" srcset=\"https:\/\/sap-technology.pl\/wp-content\/uploads\/2025\/08\/image-768x436.png 768w, https:\/\/sap-technology.pl\/wp-content\/uploads\/2025\/08\/image-300x170.png 300w, https:\/\/sap-technology.pl\/wp-content\/uploads\/2025\/08\/image-1024x581.png 1024w, https:\/\/sap-technology.pl\/wp-content\/uploads\/2025\/08\/image.png 1184w\" sizes=\"(max-width: 768px) 100vw, 768px\" \/><\/div><\/a>\n\t\t\t\t<div class=\"elementor-post__text\">\n\t\t\t\t<h3 class=\"elementor-post__title\">\n\t\t\t<a href=\"https:\/\/sap-technology.pl\/de\/news\/4745\/\" >\n\t\t\t\tTSMC hat einen Prozess gegen Mitarbeiter wegen eines Technologielecks eingeleitet\t\t\t<\/a>\n\t\t<\/h3>\n\t\t\t\t<div class=\"elementor-post__excerpt\">\n\t\t\t<p>TSMC, der weltweit f\u00fchrende Hersteller von fortschrittlichen Chips f\u00fcr K\u00fcnstliche Intelligenz, hat rechtliche Schritte eingeleitet und Disziplinarma\u00dfnahmen gegen Mitarbeiter ergriffen, die an einem m\u00f6glichen Leak<\/p>\n\t\t<\/div>\n\t\t\t\t<\/div>\n\t\t\t\t<div class=\"elementor-post__meta-data\">\n\t\t\t\t\t<span class=\"elementor-post-date\">\n\t\t\tAugust 6, 2025\t\t<\/span>\n\t\t\t\t<\/div>\n\t\t\t\t\t<\/div>\n\t\t<\/article>\n\t\t\t\t<article class=\"elementor-post elementor-grid-item post-4742 news type-news status-publish has-post-thumbnail hentry\">\n\t\t\t<div class=\"elementor-post__card\">\n\t\t\t\t<a class=\"elementor-post__thumbnail__link\" href=\"https:\/\/sap-technology.pl\/de\/news\/4736\/\" ><div class=\"elementor-post__thumbnail\"><img decoding=\"async\" width=\"768\" height=\"436\" src=\"https:\/\/sap-technology.pl\/wp-content\/uploads\/2025\/07\/image-1-768x436.png\" class=\"attachment-medium_large size-medium_large wp-image-4739\" alt=\"\" srcset=\"https:\/\/sap-technology.pl\/wp-content\/uploads\/2025\/07\/image-1-768x436.png 768w, https:\/\/sap-technology.pl\/wp-content\/uploads\/2025\/07\/image-1-300x170.png 300w, https:\/\/sap-technology.pl\/wp-content\/uploads\/2025\/07\/image-1-1024x581.png 1024w, https:\/\/sap-technology.pl\/wp-content\/uploads\/2025\/07\/image-1.png 1184w\" sizes=\"(max-width: 768px) 100vw, 768px\" \/><\/div><\/a>\n\t\t\t\t<div class=\"elementor-post__text\">\n\t\t\t\t<h3 class=\"elementor-post__title\">\n\t\t\t<a href=\"https:\/\/sap-technology.pl\/de\/news\/4736\/\" >\n\t\t\t\tDie Wiederaufnahme des Exports von Nvidia-Chips nach China sorgt f\u00fcr Bedenken hinsichtlich der nationalen Sicherheit der USA\t\t\t<\/a>\n\t\t<\/h3>\n\t\t\t\t<div class=\"elementor-post__excerpt\">\n\t\t\t<p>Der Vorsitzende des Ausschusses des US-Repr\u00e4sentantenhauses f\u00fcr China, John Moolenar, hat die Entscheidung des US-Handelsministeriums, den Export von Nvidia H20-Chips nach China wieder aufzunehmen, scharf<\/p>\n\t\t<\/div>\n\t\t\t\t<\/div>\n\t\t\t\t<div class=\"elementor-post__meta-data\">\n\t\t\t\t\t<span class=\"elementor-post-date\">\n\t\t\tJuli 20, 2025\t\t<\/span>\n\t\t\t\t<\/div>\n\t\t\t\t\t<\/div>\n\t\t<\/article>\n\t\t\t\t<article class=\"elementor-post elementor-grid-item post-4733 news type-news status-publish has-post-thumbnail hentry\">\n\t\t\t<div class=\"elementor-post__card\">\n\t\t\t\t<a class=\"elementor-post__thumbnail__link\" href=\"https:\/\/sap-technology.pl\/de\/news\/4727\/\" ><div class=\"elementor-post__thumbnail\"><img loading=\"lazy\" decoding=\"async\" width=\"768\" height=\"436\" src=\"https:\/\/sap-technology.pl\/wp-content\/uploads\/2025\/07\/image-768x436.png\" class=\"attachment-medium_large size-medium_large wp-image-4730\" alt=\"\" srcset=\"https:\/\/sap-technology.pl\/wp-content\/uploads\/2025\/07\/image-768x436.png 768w, https:\/\/sap-technology.pl\/wp-content\/uploads\/2025\/07\/image-300x170.png 300w, https:\/\/sap-technology.pl\/wp-content\/uploads\/2025\/07\/image-1024x581.png 1024w, https:\/\/sap-technology.pl\/wp-content\/uploads\/2025\/07\/image.png 1184w\" sizes=\"(max-width: 768px) 100vw, 768px\" \/><\/div><\/a>\n\t\t\t\t<div class=\"elementor-post__text\">\n\t\t\t\t<h3 class=\"elementor-post__title\">\n\t\t\t<a href=\"https:\/\/sap-technology.pl\/de\/news\/4727\/\" >\n\t\t\t\tFoxconn erzielte Rekordeinnahmen dank der Nachfrage nach k\u00fcnstlicher Intelligenz\t\t\t<\/a>\n\t\t<\/h3>\n\t\t\t\t<div class=\"elementor-post__excerpt\">\n\t\t\t<p>Das taiwanesische Unternehmen Foxconn, der weltweit gr\u00f6\u00dfte Hersteller von Auftrags-Elektronik, meldete im zweiten Quartal einen Rekordumsatz vor dem Hintergrund einer steigenden Nachfrage nach Produkten mit<\/p>\n\t\t<\/div>\n\t\t\t\t<\/div>\n\t\t\t\t<div class=\"elementor-post__meta-data\">\n\t\t\t\t\t<span class=\"elementor-post-date\">\n\t\t\tJuli 3, 2025\t\t<\/span>\n\t\t\t\t<\/div>\n\t\t\t\t\t<\/div>\n\t\t<\/article>\n\t\t\t\t<article class=\"elementor-post elementor-grid-item post-4724 news type-news status-publish has-post-thumbnail hentry\">\n\t\t\t<div class=\"elementor-post__card\">\n\t\t\t\t<a class=\"elementor-post__thumbnail__link\" href=\"https:\/\/sap-technology.pl\/de\/news\/4718\/\" ><div class=\"elementor-post__thumbnail\"><img loading=\"lazy\" decoding=\"async\" width=\"768\" height=\"436\" src=\"https:\/\/sap-technology.pl\/wp-content\/uploads\/2025\/06\/image-768x436.png\" class=\"attachment-medium_large size-medium_large wp-image-4721\" alt=\"\" srcset=\"https:\/\/sap-technology.pl\/wp-content\/uploads\/2025\/06\/image-768x436.png 768w, https:\/\/sap-technology.pl\/wp-content\/uploads\/2025\/06\/image-300x170.png 300w, https:\/\/sap-technology.pl\/wp-content\/uploads\/2025\/06\/image-1024x581.png 1024w, https:\/\/sap-technology.pl\/wp-content\/uploads\/2025\/06\/image-1536x872.png 1536w, https:\/\/sap-technology.pl\/wp-content\/uploads\/2025\/06\/image-2048x1162.png 2048w\" sizes=\"(max-width: 768px) 100vw, 768px\" \/><\/div><\/a>\n\t\t\t\t<div class=\"elementor-post__text\">\n\t\t\t\t<h3 class=\"elementor-post__title\">\n\t\t\t<a href=\"https:\/\/sap-technology.pl\/de\/news\/4718\/\" >\n\t\t\t\tNAACP lehnt xAI wegen sch\u00e4dlicher Emissionen in Memphis ab\t\t\t<\/a>\n\t\t<\/h3>\n\t\t\t\t<div class=\"elementor-post__excerpt\">\n\t\t\t<p>Die National Association for the Advancement of Colored People (NAACP) hat am Dienstag einen Brief an den Milliard\u00e4r Elon Musk und die Firma xAI geschickt,<\/p>\n\t\t<\/div>\n\t\t\t\t<\/div>\n\t\t\t\t<div class=\"elementor-post__meta-data\">\n\t\t\t\t\t<span class=\"elementor-post-date\">\n\t\t\tJuni 16, 2025\t\t<\/span>\n\t\t\t\t<\/div>\n\t\t\t\t\t<\/div>\n\t\t<\/article>\n\t\t\t\t<article class=\"elementor-post elementor-grid-item post-4713 news type-news status-publish has-post-thumbnail hentry\">\n\t\t\t<div class=\"elementor-post__card\">\n\t\t\t\t<a class=\"elementor-post__thumbnail__link\" href=\"https:\/\/sap-technology.pl\/de\/news\/4707\/\" ><div class=\"elementor-post__thumbnail\"><img loading=\"lazy\" decoding=\"async\" width=\"768\" height=\"436\" src=\"https:\/\/sap-technology.pl\/wp-content\/uploads\/2025\/05\/image-1-768x436.png\" class=\"attachment-medium_large size-medium_large wp-image-4710\" alt=\"\" srcset=\"https:\/\/sap-technology.pl\/wp-content\/uploads\/2025\/05\/image-1-768x436.png 768w, https:\/\/sap-technology.pl\/wp-content\/uploads\/2025\/05\/image-1-300x170.png 300w, https:\/\/sap-technology.pl\/wp-content\/uploads\/2025\/05\/image-1-1024x581.png 1024w, https:\/\/sap-technology.pl\/wp-content\/uploads\/2025\/05\/image-1.png 1184w\" sizes=\"(max-width: 768px) 100vw, 768px\" \/><\/div><\/a>\n\t\t\t\t<div class=\"elementor-post__text\">\n\t\t\t\t<h3 class=\"elementor-post__title\">\n\t\t\t<a href=\"https:\/\/sap-technology.pl\/de\/news\/4707\/\" >\n\t\t\t\tInfiMotion bringt ein neues leichtes Antriebssystem f\u00fcr zuk\u00fcnftige Autos auf den Markt\t\t\t<\/a>\n\t\t<\/h3>\n\t\t\t\t<div class=\"elementor-post__excerpt\">\n\t\t\t<p>InfiMotion Technology pr\u00e4sentiert aktualisiertes Antriebssystem TL 300 \u2014 die Zukunft der Elektromobilit\u00e4t In diesem Jahr k\u00fcndigte InfiMotion Technology das aktualisierte System TL 300 an \u2014<\/p>\n\t\t<\/div>\n\t\t\t\t<\/div>\n\t\t\t\t<div class=\"elementor-post__meta-data\">\n\t\t\t\t\t<span class=\"elementor-post-date\">\n\t\t\tMai 31, 2025\t\t<\/span>\n\t\t\t\t<\/div>\n\t\t\t\t\t<\/div>\n\t\t<\/article>\n\t\t\t\t<\/div>\n\t\t\n\t\t\t\t<div class=\"e-load-more-anchor\" data-page=\"1\" data-max-page=\"3\" data-next-page=\"https:\/\/sap-technology.pl\/de\/wp-json\/wp\/v2\/pages\/4506\/page\/2\/\"><\/div>\n\t\t\t\t<nav class=\"elementor-pagination\" aria-label=\"Pagination\">\n\t\t\t<span class=\"page-numbers prev\">\u00ab Previous<\/span>\n<span aria-current=\"page\" class=\"page-numbers current\"><span class=\"elementor-screen-only\">Page<\/span>1<\/span>\n<a class=\"page-numbers\" href=\"https:\/\/sap-technology.pl\/de\/wp-json\/wp\/v2\/pages\/4506\/page\/2\/\"><span class=\"elementor-screen-only\">Page<\/span>2<\/a>\n<a class=\"page-numbers\" href=\"https:\/\/sap-technology.pl\/de\/wp-json\/wp\/v2\/pages\/4506\/page\/3\/\"><span class=\"elementor-screen-only\">Page<\/span>3<\/a>\n<a class=\"page-numbers next\" href=\"https:\/\/sap-technology.pl\/de\/wp-json\/wp\/v2\/pages\/4506\/page\/2\/\">Next \u00bb<\/a>\t\t<\/nav>\n\t\t\t\t<\/div>\n\t\t\t\t<\/div>\n\t\t\t\t\t<\/div>\n\t\t\t\t<\/div>\n\t\t<div class=\"elementor-element elementor-element-cbd118d e-flex e-con-boxed e-con e-parent\" data-id=\"cbd118d\" data-element_type=\"container\">\n\t\t\t\t\t<div class=\"e-con-inner\">\n\t\t\t\t<div class=\"elementor-element elementor-element-051ec3d elementor-widget elementor-widget-spacer\" data-id=\"051ec3d\" data-element_type=\"widget\" data-widget_type=\"spacer.default\">\n\t\t\t\t<div class=\"elementor-widget-container\">\n\t\t\t\t\t<div class=\"elementor-spacer\">\n\t\t\t<div class=\"elementor-spacer-inner\"><\/div>\n\t\t<\/div>\n\t\t\t\t<\/div>\n\t\t\t\t<\/div>\n\t\t\t\t\t<\/div>\n\t\t\t\t<\/div>\n\t\t\t\t<\/div>\n\t\t","protected":false},"excerpt":{"rendered":"","protected":false},"author":1,"featured_media":0,"parent":0,"menu_order":0,"comment_status":"closed","ping_status":"closed","template":"","meta":{"footnotes":""},"acf":[],"yoast_head":"<!-- This site is optimized with the Yoast SEO plugin v22.9 - https:\/\/yoast.com\/wordpress\/plugins\/seo\/ -->\n<title>Nachrichten - Sap Technology<\/title>\n<meta name=\"robots\" content=\"index, follow, max-snippet:-1, max-image-preview:large, max-video-preview:-1\" \/>\n<link rel=\"canonical\" href=\"https:\/\/sap-technology.pl\/de\/nachrichten\/\" \/>\n<meta property=\"og:locale\" content=\"de_DE\" \/>\n<meta property=\"og:type\" content=\"article\" \/>\n<meta property=\"og:title\" content=\"Nachrichten - Sap Technology\" \/>\n<meta property=\"og:url\" content=\"https:\/\/sap-technology.pl\/de\/nachrichten\/\" \/>\n<meta property=\"og:site_name\" content=\"Sap Technology\" \/>\n<meta property=\"article:modified_time\" content=\"2025-05-14T14:51:38+00:00\" \/>\n<meta name=\"twitter:card\" content=\"summary_large_image\" \/>\n<meta name=\"twitter:label1\" content=\"Gesch\u00e4tzte Lesezeit\" \/>\n\t<meta name=\"twitter:data1\" content=\"5\u00a0Minuten\" \/>\n<script type=\"application\/ld+json\" class=\"yoast-schema-graph\">{\"@context\":\"https:\/\/schema.org\",\"@graph\":[{\"@type\":\"WebPage\",\"@id\":\"https:\/\/sap-technology.pl\/de\/nachrichten\/\",\"url\":\"https:\/\/sap-technology.pl\/de\/nachrichten\/\",\"name\":\"Nachrichten - Sap Technology\",\"isPartOf\":{\"@id\":\"https:\/\/sap-technology.pl\/#website\"},\"datePublished\":\"2024-11-27T14:22:59+00:00\",\"dateModified\":\"2025-05-14T14:51:38+00:00\",\"breadcrumb\":{\"@id\":\"https:\/\/sap-technology.pl\/de\/nachrichten\/#breadcrumb\"},\"inLanguage\":\"de\",\"potentialAction\":[{\"@type\":\"ReadAction\",\"target\":[\"https:\/\/sap-technology.pl\/de\/nachrichten\/\"]}]},{\"@type\":\"BreadcrumbList\",\"@id\":\"https:\/\/sap-technology.pl\/de\/nachrichten\/#breadcrumb\",\"itemListElement\":[{\"@type\":\"ListItem\",\"position\":1,\"name\":\"Sap Technology\",\"item\":\"https:\/\/sap-technology.pl\/ru\/\"},{\"@type\":\"ListItem\",\"position\":2,\"name\":\"Nachrichten\"}]},{\"@type\":\"WebSite\",\"@id\":\"https:\/\/sap-technology.pl\/#website\",\"url\":\"https:\/\/sap-technology.pl\/\",\"name\":\"Sap Technology\",\"description\":\"Sap Technology\",\"publisher\":{\"@id\":\"https:\/\/sap-technology.pl\/#organization\"},\"potentialAction\":[{\"@type\":\"SearchAction\",\"target\":{\"@type\":\"EntryPoint\",\"urlTemplate\":\"https:\/\/sap-technology.pl\/?s={search_term_string}\"},\"query-input\":\"required name=search_term_string\"}],\"inLanguage\":\"de\"},{\"@type\":\"Organization\",\"@id\":\"https:\/\/sap-technology.pl\/#organization\",\"name\":\"Sap Technology\",\"url\":\"https:\/\/sap-technology.pl\/\",\"logo\":{\"@type\":\"ImageObject\",\"inLanguage\":\"de\",\"@id\":\"https:\/\/sap-technology.pl\/#\/schema\/logo\/image\/\",\"url\":\"https:\/\/sap-technology.pl\/wp-content\/uploads\/2023\/10\/logo-1.png\",\"contentUrl\":\"https:\/\/sap-technology.pl\/wp-content\/uploads\/2023\/10\/logo-1.png\",\"width\":350,\"height\":100,\"caption\":\"Sap Technology\"},\"image\":{\"@id\":\"https:\/\/sap-technology.pl\/#\/schema\/logo\/image\/\"}}]}<\/script>\n<!-- \/ Yoast SEO plugin. -->","yoast_head_json":{"title":"Nachrichten - Sap Technology","robots":{"index":"index","follow":"follow","max-snippet":"max-snippet:-1","max-image-preview":"max-image-preview:large","max-video-preview":"max-video-preview:-1"},"canonical":"https:\/\/sap-technology.pl\/de\/nachrichten\/","og_locale":"de_DE","og_type":"article","og_title":"Nachrichten - Sap Technology","og_url":"https:\/\/sap-technology.pl\/de\/nachrichten\/","og_site_name":"Sap Technology","article_modified_time":"2025-05-14T14:51:38+00:00","twitter_card":"summary_large_image","twitter_misc":{"Gesch\u00e4tzte Lesezeit":"5\u00a0Minuten"},"schema":{"@context":"https:\/\/schema.org","@graph":[{"@type":"WebPage","@id":"https:\/\/sap-technology.pl\/de\/nachrichten\/","url":"https:\/\/sap-technology.pl\/de\/nachrichten\/","name":"Nachrichten - Sap Technology","isPartOf":{"@id":"https:\/\/sap-technology.pl\/#website"},"datePublished":"2024-11-27T14:22:59+00:00","dateModified":"2025-05-14T14:51:38+00:00","breadcrumb":{"@id":"https:\/\/sap-technology.pl\/de\/nachrichten\/#breadcrumb"},"inLanguage":"de","potentialAction":[{"@type":"ReadAction","target":["https:\/\/sap-technology.pl\/de\/nachrichten\/"]}]},{"@type":"BreadcrumbList","@id":"https:\/\/sap-technology.pl\/de\/nachrichten\/#breadcrumb","itemListElement":[{"@type":"ListItem","position":1,"name":"Sap Technology","item":"https:\/\/sap-technology.pl\/ru\/"},{"@type":"ListItem","position":2,"name":"Nachrichten"}]},{"@type":"WebSite","@id":"https:\/\/sap-technology.pl\/#website","url":"https:\/\/sap-technology.pl\/","name":"Sap Technology","description":"Sap Technology","publisher":{"@id":"https:\/\/sap-technology.pl\/#organization"},"potentialAction":[{"@type":"SearchAction","target":{"@type":"EntryPoint","urlTemplate":"https:\/\/sap-technology.pl\/?s={search_term_string}"},"query-input":"required name=search_term_string"}],"inLanguage":"de"},{"@type":"Organization","@id":"https:\/\/sap-technology.pl\/#organization","name":"Sap Technology","url":"https:\/\/sap-technology.pl\/","logo":{"@type":"ImageObject","inLanguage":"de","@id":"https:\/\/sap-technology.pl\/#\/schema\/logo\/image\/","url":"https:\/\/sap-technology.pl\/wp-content\/uploads\/2023\/10\/logo-1.png","contentUrl":"https:\/\/sap-technology.pl\/wp-content\/uploads\/2023\/10\/logo-1.png","width":350,"height":100,"caption":"Sap Technology"},"image":{"@id":"https:\/\/sap-technology.pl\/#\/schema\/logo\/image\/"}}]}},"_links":{"self":[{"href":"https:\/\/sap-technology.pl\/de\/wp-json\/wp\/v2\/pages\/4506"}],"collection":[{"href":"https:\/\/sap-technology.pl\/de\/wp-json\/wp\/v2\/pages"}],"about":[{"href":"https:\/\/sap-technology.pl\/de\/wp-json\/wp\/v2\/types\/page"}],"author":[{"embeddable":true,"href":"https:\/\/sap-technology.pl\/de\/wp-json\/wp\/v2\/users\/1"}],"replies":[{"embeddable":true,"href":"https:\/\/sap-technology.pl\/de\/wp-json\/wp\/v2\/comments?post=4506"}],"version-history":[{"count":7,"href":"https:\/\/sap-technology.pl\/de\/wp-json\/wp\/v2\/pages\/4506\/revisions"}],"predecessor-version":[{"id":4692,"href":"https:\/\/sap-technology.pl\/de\/wp-json\/wp\/v2\/pages\/4506\/revisions\/4692"}],"wp:attachment":[{"href":"https:\/\/sap-technology.pl\/de\/wp-json\/wp\/v2\/media?parent=4506"}],"curies":[{"name":"wp","href":"https:\/\/api.w.org\/{rel}","templated":true}]}}